{"id":40,"date":"2021-09-30T23:43:43","date_gmt":"2021-09-30T21:43:43","guid":{"rendered":"https:\/\/www.renomamagazin.sk\/?page_id=40"},"modified":"2021-10-31T21:45:26","modified_gmt":"2021-10-31T20:45:26","slug":"https-en-calameo-com-searchsearch-renoma-books","status":"publish","type":"page","link":"https:\/\/www.renomamagazin.sk\/index.php\/https-en-calameo-com-searchsearch-renoma-books\/","title":{"rendered":"arch\u00edv n\u00e1\u0161ho \u010dasopisu"},"content":{"rendered":"\n<blockquote class=\"wp-block-quote is-layout-flow wp-block-quote-is-layout-flow\"><p>Pozrite si v\u00fdber z n\u00e1\u0161ho arch\u00edvu, jednoducho kliknite na obr\u00e1zok ni\u017e\u0161ie a budete presmerovan\u00fd na \u00falo\u017eisko na\u0161ho \u010dasopisu.<\/p><p>Pr\u00edjmn\u00e9 listovanie \ud83d\ude42<\/p><\/blockquote>\n\n\n\n<figure class=\"wp-block-image size-large is-style-default\"><a href=\"https:\/\/en.calameo.com\/search#search-renoma\/books\"><img loading=\"lazy\" decoding=\"async\" width=\"1024\" height=\"602\" src=\"https:\/\/www.renomamagazin.sk\/wp-content\/uploads\/2021\/10\/books-gedd1e61b4_1920-1024x602.jpg\" alt=\"\" class=\"wp-image-173\" srcset=\"https:\/\/www.renomamagazin.sk\/wp-content\/uploads\/2021\/10\/books-gedd1e61b4_1920-1024x602.jpg 1024w, https:\/\/www.renomamagazin.sk\/wp-content\/uploads\/2021\/10\/books-gedd1e61b4_1920-300x176.jpg 300w, https:\/\/www.renomamagazin.sk\/wp-content\/uploads\/2021\/10\/books-gedd1e61b4_1920-768x451.jpg 768w, https:\/\/www.renomamagazin.sk\/wp-content\/uploads\/2021\/10\/books-gedd1e61b4_1920-1536x902.jpg 1536w, https:\/\/www.renomamagazin.sk\/wp-content\/uploads\/2021\/10\/books-gedd1e61b4_1920.jpg 1920w\" sizes=\"auto, (max-width: 1024px) 100vw, 1024px\" \/><\/a><\/figure>\n\n\n\n<h5 class=\"wp-block-heading\"><a href=\"https:\/\/en.calameo.com\/search#search-renoma\/books\">https:\/\/en.calameo.com\/search#search-renoma\/books<\/a><\/h5>\n\n\n\n<p><\/p>\n\n\n\n<figure class=\"wp-block-image size-large is-resized\"><img loading=\"lazy\" decoding=\"async\" src=\"https:\/\/www.renomamagazin.sk\/wp-content\/uploads\/2021\/10\/megaphone-1468168_1920-1-1-1024x1024.png\" alt=\"\" class=\"wp-image-104\" width=\"129\" height=\"129\" srcset=\"https:\/\/www.renomamagazin.sk\/wp-content\/uploads\/2021\/10\/megaphone-1468168_1920-1-1-1024x1024.png 1024w, https:\/\/www.renomamagazin.sk\/wp-content\/uploads\/2021\/10\/megaphone-1468168_1920-1-1-300x300.png 300w, https:\/\/www.renomamagazin.sk\/wp-content\/uploads\/2021\/10\/megaphone-1468168_1920-1-1-150x150.png 150w, https:\/\/www.renomamagazin.sk\/wp-content\/uploads\/2021\/10\/megaphone-1468168_1920-1-1-768x768.png 768w, https:\/\/www.renomamagazin.sk\/wp-content\/uploads\/2021\/10\/megaphone-1468168_1920-1-1-1536x1536.png 1536w, https:\/\/www.renomamagazin.sk\/wp-content\/uploads\/2021\/10\/megaphone-1468168_1920-1-1.png 1920w\" sizes=\"auto, (max-width: 129px) 100vw, 129px\" \/><\/figure>\n\n\n\n<p><\/p>\n","protected":false},"excerpt":{"rendered":"<p>Pozrite si v\u00fdber z n\u00e1\u0161ho arch\u00edvu, jednoducho kliknite na obr\u00e1zok ni\u017e\u0161ie a budete presmerovan\u00fd na \u00falo\u017eisko na\u0161ho \u010dasopisu. Pr\u00edjmn\u00e9 listovanie \ud83d\ude42 https:\/\/en.calameo.com\/search#search-renoma\/books<\/p>\n","protected":false},"author":1,"featured_media":0,"parent":0,"menu_order":0,"comment_status":"closed","ping_status":"closed","template":"","meta":{"footnotes":""},"class_list":["post-40","page","type-page","status-publish","hentry"],"_links":{"self":[{"href":"https:\/\/www.renomamagazin.sk\/index.php\/wp-json\/wp\/v2\/pages\/40","targetHints":{"allow":["GET"]}}],"collection":[{"href":"https:\/\/www.renomamagazin.sk\/index.php\/wp-json\/wp\/v2\/pages"}],"about":[{"href":"https:\/\/www.renomamagazin.sk\/index.php\/wp-json\/wp\/v2\/types\/page"}],"author":[{"embeddable":true,"href":"https:\/\/www.renomamagazin.sk\/index.php\/wp-json\/wp\/v2\/users\/1"}],"replies":[{"embeddable":true,"href":"https:\/\/www.renomamagazin.sk\/index.php\/wp-json\/wp\/v2\/comments?post=40"}],"version-history":[{"count":12,"href":"https:\/\/www.renomamagazin.sk\/index.php\/wp-json\/wp\/v2\/pages\/40\/revisions"}],"predecessor-version":[{"id":178,"href":"https:\/\/www.renomamagazin.sk\/index.php\/wp-json\/wp\/v2\/pages\/40\/revisions\/178"}],"wp:attachment":[{"href":"https:\/\/www.renomamagazin.sk\/index.php\/wp-json\/wp\/v2\/media?parent=40"}],"curies":[{"name":"wp","href":"https:\/\/api.w.org\/{rel}","templated":true}]}}